{"id":3459,"date":"2021-01-01T09:40:39","date_gmt":"2021-01-01T07:40:39","guid":{"rendered":"https:\/\/passiongames.eu\/?post_type=product&#038;p=1408"},"modified":"2025-06-02T14:24:16","modified_gmt":"2025-06-02T12:24:16","slug":"amare-luna-kookosoli-250-ml","status":"publish","type":"product","link":"https:\/\/passiongames.eu\/ru\/amare-luna-kookosoli-250-ml\/","title":{"rendered":"Epp K\u00e4rsini intiimkookos\u00f5li &#8220;Imeline NAUDING&#8221; 250 ml"},"content":{"rendered":"<p>See on rohkem kui lihtsalt \u00f5li \u2013<\/p>\n<p>see on loomulik armastuse rituaal,<\/p>\n<p>mille iga tilk hellitab Su keha ja \u00e4ratab meeled.<\/p>\n<p>\u2013 ideaalne\u00a0yoni ja lingam massaa\u017eiks<\/p>\n<p>\u2013\u00a0neutraalne tupe mikrofloorale<\/p>\n<p>\u2013\u00a0antibakteriaalne<\/p>\n<p>\u2013 kogu keha massaa\u017eiks<\/p>\n<p>\u2013\u00a0ohutu oraalselt<\/p>\n<p>\u2013 niisutab ja rahustab tundlikku nahka<\/p>\n<p>\u2013 sobib ka k\u00f5ige \u00f5rnemale nahale<\/p>\n<p>\u2013 t\u00e4iuslik kaaslane magamistoas ja intiimhetkedel<\/p>\n<p>\u2013 ei sobi kasutada kondoomiga<\/p>\n<p>L\u00f5hnatu. Puhas. Ohutu.\u00a0Nauditav.<\/p>\n<p>Avasta IMELINE NAUDING!<\/p>\n<p>Tunnustatud Eesti Allergialiidu poolt 2025.<\/p>\n<p>100% l\u00f5hnatu puhas\u00a0kookos\u00f5li.<\/p>\n<p>Toode s\u00e4ilib avatuna 6\u00a0kuud.<\/p>\n<p>91.60 \u20ac\/L<\/p>","protected":false},"excerpt":{"rendered":"<p>See on rohkem kui lihtsalt \u00f5li \u2013<\/p>\n<p>see on loomulik armastuse rituaal,<\/p>\n<p>mille iga tilk hellitab Su keha ja \u00e4ratab meeled.<\/p>\n<p>\u2013 ideaalne\u00a0yoni ja lingam massaa\u017eiks<\/p>\n<p>\u2013\u00a0neutraalne tupe mikrofloorale<\/p>\n<p>\u2013\u00a0antibakteriaalne<\/p>\n<p>\u2013 kogu keha massaa\u017eiks<\/p>\n<p>\u2013\u00a0ohutu oraalselt<\/p>\n<p>\u2013 niisutab ja rahustab tundlikku nahka<\/p>\n<p>\u2013 sobib ka k\u00f5ige \u00f5rnemale nahale<\/p>\n<p>\u2013 t\u00e4iuslik kaaslane magamistoas ja intiimhetkedel<\/p>\n<p>\u2013 ei sobi kasutada kondoomiga<\/p>\n<p>L\u00f5hnatu. Puhas. Ohutu.\u00a0Nauditav.<\/p>\n<p>Avasta IMELINE NAUDING!<\/p>\n<p>Tunnustatud Eesti Allergialiidu poolt 2025.<\/p>\n<p>100% l\u00f5hnatu puhas\u00a0kookos\u00f5li.<\/p>\n<p>Toode s\u00e4ilib avatuna 6\u00a0kuud.<\/p>\n<p>91.60 \u20ac\/L<\/p>\n<p>&nbsp;<\/p>","protected":false},"featured_media":7663,"comment_status":"open","ping_status":"closed","template":"","meta":{"inline_featured_image":false,"_monsterinsights_skip_tracking":false,"_monsterinsights_sitenote_active":false,"_monsterinsights_sitenote_note":"","_monsterinsights_sitenote_category":0,"_uf_show_specific_survey":0,"_uf_disable_surveys":false,"site-sidebar-layout":"default","site-content-layout":"default","ast-site-content-layout":"default","site-content-style":"default","site-sidebar-style":"default","ast-global-header-display":"","ast-banner-title-visibility":"","ast-main-header-display":"","ast-hfb-above-header-display":"","ast-hfb-below-header-display":"","ast-hfb-mobile-header-display":"","site-post-title":"","ast-breadcrumbs-content":"","ast-featured-img":"","footer-sml-layout":"","theme-transparent-header-meta":"default","adv-header-id-meta":"","stick-header-meta":"default","header-above-stick-meta":"","header-main-stick-meta":"","header-below-stick-meta":"","astra-migrate-meta-layouts":"default","ast-page-background-enabled":"default","ast-page-background-meta":{"desktop":{"background-color":"","background-image":"","background-repeat":"repeat","background-position":"center center","background-size":"auto","background-attachment":"scroll","background-type":"","background-media":"","overlay-type":"","overlay-color":"","overlay-opacity":"","overlay-gradient":""},"tablet":{"background-color":"","background-image":"","background-repeat":"repeat","background-position":"center center","background-size":"auto","background-attachment":"scroll","background-type":"","background-media":"","overlay-type":"","overlay-color":"","overlay-opacity":"","overlay-gradient":""},"mobile":{"background-color":"","background-image":"","background-repeat":"repeat","background-position":"center center","background-size":"auto","background-attachment":"scroll","background-type":"","background-media":"","overlay-type":"","overlay-color":"","overlay-opacity":"","overlay-gradient":""}},"ast-content-background-meta":{"desktop":{"background-color":"var(--ast-global-color-5)","background-image":"","background-repeat":"repeat","background-position":"center center","background-size":"auto","background-attachment":"scroll","background-type":"","background-media":"","overlay-type":"","overlay-color":"","overlay-opacity":"","overlay-gradient":""},"tablet":{"background-color":"var(--ast-global-color-5)","background-image":"","background-repeat":"repeat","background-position":"center center","background-size":"auto","background-attachment":"scroll","background-type":"","background-media":"","overlay-type":"","overlay-color":"","overlay-opacity":"","overlay-gradient":""},"mobile":{"background-color":"var(--ast-global-color-5)","background-image":"","background-repeat":"repeat","background-position":"center center","background-size":"auto","background-attachment":"scroll","background-type":"","background-media":"","overlay-type":"","overlay-color":"","overlay-opacity":"","overlay-gradient":""}}},"product_brand":[],"product_cat":[16],"product_tag":[],"class_list":{"0":"post-3459","1":"product","2":"type-product","3":"status-publish","4":"has-post-thumbnail","6":"product_cat-paaridele","7":"desktop-align-left","8":"tablet-align-left","9":"mobile-align-left","10":"ast-product-gallery-layout-horizontal","11":"ast-product-gallery-with-no-image","12":"ast-qv-on-image","14":"first","15":"instock","16":"shipping-taxable","17":"purchasable","18":"product-type-simple"},"aioseo_notices":[],"_links":{"self":[{"href":"https:\/\/passiongames.eu\/ru\/wp-json\/wp\/v2\/product\/3459","targetHints":{"allow":["GET"]}}],"collection":[{"href":"https:\/\/passiongames.eu\/ru\/wp-json\/wp\/v2\/product"}],"about":[{"href":"https:\/\/passiongames.eu\/ru\/wp-json\/wp\/v2\/types\/product"}],"replies":[{"embeddable":true,"href":"https:\/\/passiongames.eu\/ru\/wp-json\/wp\/v2\/comments?post=3459"}],"wp:featuredmedia":[{"embeddable":true,"href":"https:\/\/passiongames.eu\/ru\/wp-json\/wp\/v2\/media\/7663"}],"wp:attachment":[{"href":"https:\/\/passiongames.eu\/ru\/wp-json\/wp\/v2\/media?parent=3459"}],"wp:term":[{"taxonomy":"product_brand","embeddable":true,"href":"https:\/\/passiongames.eu\/ru\/wp-json\/wp\/v2\/product_brand?post=3459"},{"taxonomy":"product_cat","embeddable":true,"href":"https:\/\/passiongames.eu\/ru\/wp-json\/wp\/v2\/product_cat?post=3459"},{"taxonomy":"product_tag","embeddable":true,"href":"https:\/\/passiongames.eu\/ru\/wp-json\/wp\/v2\/product_tag?post=3459"}],"curies":[{"name":"wp","href":"https:\/\/api.w.org\/{rel}","templated":true}]}}