{"id":2763,"date":"2021-04-18T00:43:32","date_gmt":"2021-04-17T22:43:32","guid":{"rendered":"https:\/\/vaarikas.alumaart.ee\/?page_id=2763"},"modified":"2026-03-21T19:03:06","modified_gmt":"2026-03-21T17:03:06","slug":"andmekaitse","status":"publish","type":"page","link":"https:\/\/passiongames.eu\/ru\/andmekaitse\/","title":{"rendered":"\u0417\u0430\u0449\u0438\u0442\u0430 \u0434\u0430\u043d\u043d\u044b\u0445"},"content":{"rendered":"<div data-elementor-type=\"wp-page\" data-elementor-id=\"2763\" class=\"elementor elementor-2763\">\n\t\t\t\t\t\t<section class=\"elementor-section elementor-top-section elementor-element elementor-element-a23e044 elementor-section-boxed elementor-section-height-default elementor-section-height-default\" data-id=\"a23e044\" data-element_type=\"section\">\n\t\t\t\t\t\t<div class=\"elementor-container elementor-column-gap-default\">\n\t\t\t\t\t<div class=\"elementor-column elementor-col-100 elementor-top-column elementor-element elementor-element-31d9605a\" data-id=\"31d9605a\" data-element_type=\"column\">\n\t\t\t<div class=\"elementor-widget-wrap elementor-element-populated\">\n\t\t\t\t\t\t<div class=\"elementor-element elementor-element-8ab3f08 elementor-widget elementor-widget-text-editor\" data-id=\"8ab3f08\" data-element_type=\"widget\" data-widget_type=\"text-editor.default\">\n\t\t\t\t<div class=\"elementor-widget-container\">\n\t\t\t\t\t\t\t\t\t<p>E-poe passiongames.eu isikuandmete vastutav t\u00f6\u00f6tleja on PriMii O\u00dc (16196873), asukohaga <span style=\"font-size: 16px;\">Seebi tn 22, 11316 Tallinn<\/span>, telefon +372 56505600<br \/>ja e-post info@passiongames.eu (edaspidi \u201ckaupmees\u201d).\u00a0<\/p><p><b>\u041c\u044b \u043e\u0431\u0440\u0430\u0431\u0430\u0442\u044b\u0432\u0430\u0435\u043c \u0441\u043b\u0435\u0434\u0443\u044e\u0449\u0438\u0435 \u043f\u0435\u0440\u0441\u043e\u043d\u0430\u043b\u044c\u043d\u044b\u0435 \u0434\u0430\u043d\u043d\u044b\u0435:<\/b><\/p><ul><li>\u0438\u043c\u044f;<\/li><li>\u043a\u043e\u043d\u0442\u0430\u043a\u0442\u043d\u0430\u044f \u0438\u043d\u0444\u043e\u0440\u043c\u0430\u0446\u0438\u044f, \u043a\u0430\u043a \u043d\u043e\u043c\u0435\u0440 \u0442\u0435\u043b\u0435\u0444\u043e\u043d\u0430 \u0430\u0434\u0440\u0435\u0441 \u044d\u043b\u0435\u043a\u0442\u0440\u043e\u043d\u043d\u043e\u0439 \u043f\u043e\u0447\u0442\u044b;<\/li><li>\u0430\u0434\u0440\u0435\u0441 \u0438 \u043c\u0435\u0441\u0442\u043e \u0434\u043e\u0441\u0442\u0430\u0432\u043a\u0438 \u043f\u043b\u0430\u0442\u0435\u043b\u044c\u0449\u0438\u043a\u0430;<\/li><li>\u0441\u0442\u043e\u0438\u043c\u043e\u0441\u0442\u044c \u0442\u043e\u0432\u0430\u0440\u043e\u0432 \u0438 \u0443\u0441\u043b\u0443\u0433 \u0438 \u0434\u0430\u043d\u043d\u044b\u0435, \u0441\u0432\u044f\u0437\u0430\u043d\u043d\u044b\u0435 \u0441 \u043f\u043b\u0430\u0442\u0435\u0436\u0430\u043c\u0438 (\u0438\u0441\u0442\u043e\u0440\u0438\u044f \u043f\u043e\u043a\u0443\u043f\u043e\u043a);<\/li><li>\u0434\u0430\u043d\u043d\u044b\u0435 \u043a\u043b\u0438\u0435\u043d\u0442\u0441\u043a\u043e\u0439 \u043f\u043e\u0434\u0434\u0435\u0440\u0436\u043a\u0438;<\/li><li>\u0438\u043d\u0430\u044f \u0438\u043d\u0444\u043e\u0440\u043c\u0430\u0446\u0438\u044f, \u0441\u0432\u044f\u0437\u0430\u043d\u043d\u0430\u044f \u0441 \u0438\u0437\u0443\u0447\u0435\u043d\u0438\u0435\u043c \u043a\u043b\u0438\u0435\u043d\u0442\u0443\u0440\u044b \u0438\/\u0438\u043b\u0438 \u0441 \u043f\u0440\u0435\u0434\u043b\u043e\u0436\u0435\u043d\u0438\u044f\u043c\u0438.<\/li><\/ul><p><b>\u0421 \u043a\u0430\u043a\u043e\u0439 \u0446\u0435\u043b\u044c\u044e \u043e\u0431\u0440\u0430\u0431\u0430\u0442\u044b\u0432\u0430\u044e\u0442\u0441\u044f \u043f\u0435\u0440\u0441\u043e\u043d\u0430\u043b\u044c\u043d\u044b\u0435 \u0434\u0430\u043d\u043d\u044b\u0435?<\/b><\/p><ul><li>\u0443\u043f\u0440\u0430\u0432\u043b\u044f\u0442\u044c \u0437\u0430\u043a\u0430\u0437\u0430\u043c\u0438 \u043a\u043b\u0438\u0435\u043d\u0442\u043e\u0432 \u0438 \u0434\u043e\u0441\u0442\u0430\u0432\u043b\u044f\u0442\u044c \u0442\u043e\u0432\u0430\u0440\u044b;<\/li><li>\u0441\u043e\u0437\u0434\u0430\u0442\u044c \u043e\u0431\u0437\u043e\u0440 \u043a\u0443\u043f\u043b\u0435\u043d\u043d\u044b\u0445 \u0442\u043e\u0432\u0430\u0440\u043e\u0432 \u0434\u043b\u044f \u0430\u043d\u0430\u043b\u0438\u0437\u0430 \u043f\u043e\u043a\u0443\u043f\u043e\u043a;<\/li><li>\u0434\u043b\u044f \u043e\u0431\u0435\u0441\u043f\u0435\u0447\u0435\u043d\u0438\u044f \u043f\u043b\u0430\u0442\u0435\u0436\u0435\u0439 \u043a\u043b\u0438\u0435\u043d\u0442\u0443 (\u043d\u043e\u043c\u0435\u0440 \u0431\u0430\u043d\u043a\u043e\u0432\u0441\u043a\u043e\u0433\u043e \u0441\u0447\u0435\u0442\u0430);<\/li><li>\u0434\u043b\u044f \u0440\u0435\u0448\u0435\u043d\u0438\u044f \u0432\u043e\u043f\u0440\u043e\u0441\u043e\u0432, \u0441\u0432\u044f\u0437\u0430\u043d\u043d\u044b\u0445 \u0441 \u043f\u0440\u0438\u043e\u0431\u0440\u0435\u0442\u0435\u043d\u0438\u0435\u043c \u0442\u043e\u0432\u0430\u0440\u043e\u0432 (e-mail, \u0442\u0435\u043b\u0435\u0444\u043e\u043d);<\/li><li>\u0434\u043b\u044f \u0441\u0442\u0430\u0442\u0438\u0441\u0442\u0438\u043a\u0438 \u0438\u0441\u043f\u043e\u043b\u044c\u0437\u043e\u0432\u0430\u043d\u0438\u044f \u0418\u043d\u0442\u0435\u0440\u043d\u0435\u0442\u0430 (IP-\u0430\u0434\u0440\u0435\u0441);<\/li><li>\u0432\u044b\u0441\u0442\u0430\u0432\u043b\u044f\u0442\u044c \u0438 \u043e\u0442\u043f\u0440\u0430\u0432\u043b\u044f\u0442\u044c \u0441\u0447\u0435\u0442\u0430-\u0444\u0430\u043a\u0442\u0443\u0440\u044b \u0437\u0430\u043a\u0430\u0437\u0447\u0438\u043a\u0443;<\/li><li>\u043f\u043e \u043c\u0430\u0440\u043a\u0435\u0442\u0438\u043d\u0433\u043e\u0432\u044b\u043c \u0441\u043e\u043e\u0431\u0440\u0430\u0436\u0435\u043d\u0438\u044f\u043c<\/li><li>\u0410\u0434\u0440\u0435\u0441 \u044d\u043b\u0435\u043a\u0442\u0440\u043e\u043d\u043d\u043e\u0439 \u043f\u043e\u0447\u0442\u044b \u0438 \u043d\u043e\u043c\u0435\u0440 \u0442\u0435\u043b\u0435\u0444\u043e\u043d\u0430 \u0438\u0441\u043f\u043e\u043b\u044c\u0437\u0443\u044e\u0442\u0441\u044f \u0434\u043b\u044f \u043e\u0442\u043f\u0440\u0430\u0432\u043a\u0438 \u0441\u043e\u043e\u0431\u0449\u0435\u043d\u0438\u0439 \u0432 \u0440\u0430\u043c\u043a\u0430\u0445 \u043f\u0440\u044f\u043c\u043e\u0433\u043e \u043c\u0430\u0440\u043a\u0435\u0442\u0438\u043d\u0433\u0430, \u0435\u0441\u043b\u0438 \u043a\u043b\u0438\u0435\u043d\u0442 \u0434\u0430\u043b \u0441\u043e\u043e\u0442\u0432\u0435\u0442\u0441\u0442\u0432\u0443\u044e\u0449\u0435\u0435 \u0441\u043e\u0433\u043b\u0430\u0441\u0438\u0435. \u0415\u0441\u043b\u0438 \u043a\u043b\u0438\u0435\u043d\u0442 \u043d\u0435 \u0436\u0435\u043b\u0430\u0435\u0442 \u043f\u043e\u043b\u0443\u0447\u0430\u0442\u044c \u0441\u043e\u043e\u0431\u0449\u0435\u043d\u0438\u044f \u0432 \u0440\u0430\u043c\u043a\u0430\u0445 \u043f\u0440\u044f\u043c\u043e\u0433\u043e \u043c\u0430\u0440\u043a\u0435\u0442\u0438\u043d\u0433\u0430, \u0442\u043e \u0441\u043b\u0435\u0434\u0443\u0435\u0442 \u043d\u0430\u0436\u0430\u0442\u044c \u043d\u0430 \u0441\u043e\u043e\u0442\u0432\u0435\u0442\u0441\u0442\u0432\u0443\u044e\u0449\u0443\u044e \u0441\u0441\u044b\u043b\u043a\u0443 \u0432 \u043d\u0438\u0436\u043d\u0435\u0439 \u0447\u0430\u0441\u0442\u0438 \u044d\u043b\u0435\u043a\u0442\u0440\u043e\u043d\u043d\u043e\u0433\u043e \u043f\u0438\u0441\u044c\u043c\u0430 \u0438\u043b\u0438 \u0441\u0432\u044f\u0437\u0430\u0442\u044c\u0441\u044f \u0441\u043e \u0441\u043b\u0443\u0436\u0431\u043e\u0439 \u043f\u043e\u0434\u0434\u0435\u0440\u0436\u043a\u0438 \u043a\u043b\u0438\u0435\u043d\u0442\u043e\u0432.<\/li><li>\u0415\u0441\u043b\u0438 \u043f\u0435\u0440\u0441\u043e\u043d\u0430\u043b\u044c\u043d\u044b\u0435 \u0434\u0430\u043d\u043d\u044b\u0435 \u043e\u0431\u0440\u0430\u0431\u0430\u0442\u044b\u0432\u0430\u044e\u0442\u0441\u044f \u0432 \u0446\u0435\u043b\u044f\u0445 \u043f\u0440\u044f\u043c\u043e\u0433\u043e \u043c\u0430\u0440\u043a\u0435\u0442\u0438\u043d\u0433\u0430 (\u043f\u0440\u043e\u0444\u0438\u043b\u0438\u0440\u043e\u0432\u0430\u043d\u0438\u044f), \u043a\u043b\u0438\u0435\u043d\u0442 \u0438\u043c\u0435\u0435\u0442 \u043f\u0440\u0430\u0432\u043e \u0432 \u043b\u044e\u0431\u043e\u0435 \u0432\u0440\u0435\u043c\u044f \u0432\u043e\u0437\u0440\u0430\u0437\u0438\u0442\u044c \u043a\u0430\u043a \u043f\u0440\u043e\u0442\u0438\u0432 \u043f\u0435\u0440\u0432\u043e\u043d\u0430\u0447\u0430\u043b\u044c\u043d\u043e\u0439, \u0442\u0430\u043a \u0438 \u043f\u0440\u043e\u0442\u0438\u0432 \u0434\u0430\u043b\u044c\u043d\u0435\u0439\u0448\u0435\u0439 \u043e\u0431\u0440\u0430\u0431\u043e\u0442\u043a\u0438 \u0441\u0432\u043e\u0438\u0445 \u043f\u0435\u0440\u0441\u043e\u043d\u0430\u043b\u044c\u043d\u044b\u0445 \u0434\u0430\u043d\u043d\u044b\u0445, \u0432\u043a\u043b\u044e\u0447\u0430\u044f \u0430\u043d\u0430\u043b\u0438\u0437 \u043f\u0440\u043e\u0444\u0438\u043b\u044f, \u0441\u0432\u044f\u0437\u0430\u043d\u043d\u044b\u0439 \u0441 \u043f\u0440\u044f\u043c\u044b\u043c \u043c\u0430\u0440\u043a\u0435\u0442\u0438\u043d\u0433\u043e\u043c, \u0443\u0432\u0435\u0434\u043e\u043c\u0438\u0432 \u043e\u0431 \u044d\u0442\u043e\u043c \u0441\u043b\u0443\u0436\u0431\u0443 \u043f\u043e\u0434\u0434\u0435\u0440\u0436\u043a\u0438 \u043a\u043b\u0438\u0435\u043d\u0442\u043e\u0432 \u043f\u043e \u044d\u043b\u0435\u043a\u0442\u0440\u043e\u043d\u043d\u043e\u0439 \u043f\u043e\u0447\u0442\u0435: <a href=\"mailto:info@passiongames.eu\">info@passiongames.eu<\/a><\/li><\/ul><p><b>\u041f\u0435\u0440\u0435\u0434\u0430\u0447\u0430 \u043f\u0435\u0440\u0441\u043e\u043d\u0430\u043b\u044c\u043d\u044b\u0445 \u0434\u0430\u043d\u043d\u044b\u0445 \u0443\u043f\u043e\u043b\u043d\u043e\u043c\u043e\u0447\u0435\u043d\u043d\u044b\u043c \u043e\u0431\u0440\u0430\u0431\u043e\u0442\u0447\u0438\u043a\u0430\u043c<\/b><\/p><p>\u041f\u0440\u043e\u0434\u0430\u0432\u0435\u0446 \u0445\u0440\u0430\u043d\u0438\u0442 \u043b\u0438\u0447\u043d\u044b\u0435 \u0434\u0430\u043d\u043d\u044b\u0435 \u043a\u043b\u0438\u0435\u043d\u0442\u0430 \u0432 \u0442\u0430\u0439\u043d\u0435 \u0438 \u0440\u0430\u0441\u043a\u0440\u044b\u0432\u0430\u0435\u0442 \u0438\u0445 \u0442\u0440\u0435\u0442\u044c\u0438\u043c \u043b\u0438\u0446\u0430\u043c \u0442\u043e\u043b\u044c\u043a\u043e \u0441 \u0441\u043e\u0433\u043b\u0430\u0441\u0438\u044f \u043a\u043b\u0438\u0435\u043d\u0442\u0430, \u0437\u0430 \u0438\u0441\u043a\u043b\u044e\u0447\u0435\u043d\u0438\u0435\u043c \u0435\u0441\u043b\u0438 \u043e\u0431\u044f\u0437\u0430\u043d\u043d\u043e\u0441\u0442\u044c \u0438\u043b\u0438 \u043f\u0440\u0430\u0432\u043e \u043f\u0443\u0431\u043b\u0438\u043a\u0430\u0446\u0438\u0438 \u0434\u0430\u043d\u043d\u044b\u0445 \u0432\u044b\u0442\u0435\u043a\u0430\u0435\u0442 \u0438\u0437 \u0437\u0430\u043a\u043e\u043d\u043e\u0434\u0430\u0442\u0435\u043b\u044c\u0441\u0442\u0432\u0430. \u041f\u043e\u043b\u044c\u0437\u043e\u0432\u0430\u0442\u0435\u043b\u044c \u0438\u043d\u0442\u0435\u0440\u043d\u0435\u0442-\u043c\u0430\u0433\u0430\u0437\u0438\u043d\u0430 \u0441\u043e\u0433\u043b\u0430\u0448\u0430\u0435\u0442\u0441\u044f \u0441 \u0442\u0435\u043c, \u0447\u0442\u043e \u043f\u0440\u043e\u0434\u0430\u0432\u0435\u0446 \u0438\u043c\u0435\u0435\u0442 \u043f\u0440\u0430\u0432\u043e \u043e\u0431\u0440\u0430\u0431\u0430\u0442\u044b\u0432\u0430\u0442\u044c \u0435\u0433\u043e \u0434\u0430\u043d\u043d\u044b\u0435 \u0432 \u0446\u0435\u043b\u044f\u0445 \u043e\u043a\u0430\u0437\u0430\u043d\u0438\u044f \u0441\u043e\u043e\u0442\u0432\u0435\u0442\u0441\u0442\u0432\u0443\u044e\u0449\u0438\u0445 \u0443\u0441\u043b\u0443\u0433 \u043f\u043e\u043a\u0443\u043f\u0430\u0442\u0435\u043b\u044e, \u0432 \u0442\u043e\u043c \u0447\u0438\u0441\u043b\u0435 \u043f\u0435\u0440\u0435\u0434\u0430\u0432\u0430\u0442\u044c \u0434\u0430\u043d\u043d\u044b\u0435 \u043f\u043e\u043a\u0443\u043f\u0430\u0442\u0435\u043b\u044f \u043b\u0438\u0446\u0430\u043c, \u0443\u0447\u0430\u0441\u0442\u0432\u0443\u044e\u0449\u0438\u043c \u0432 \u043e\u043a\u0430\u0437\u0430\u043d\u0438\u0438 \u0443\u0441\u043b\u0443\u0433 \u043f\u0440\u043e\u0434\u0430\u0432\u0446\u0430 \u043f\u043e\u043a\u0443\u043f\u0430\u0442\u0435\u043b\u044e.<\/p><p>\u041f\u043e\u0441\u0440\u0435\u0434\u043d\u0438\u043a\u0438 \u043f\u0440\u0438 \u043e\u043f\u043b\u0430\u0442\u0435 \u0437\u0430\u043a\u0430\u0437\u0430:<\/p><ul><li>PayPal<\/li><li>Montonio<\/li><\/ul><p>\u0421\u0431\u043e\u0440 \u0441\u0442\u0430\u0442\u0438\u0441\u0442\u0438\u0447\u0435\u0441\u043a\u0438\u0445 \u0434\u0430\u043d\u043d\u044b\u0445 \u2013 \u0441\u0431\u043e\u0440 \u0438\u043d\u0444\u043e\u0440\u043c\u0430\u0446\u0438\u0438 \u0434\u043b\u044f \u0443\u043b\u0443\u0447\u0448\u0435\u043d\u0438\u044f \u043f\u043e\u043b\u044c\u0437\u043e\u0432\u0430\u0442\u0435\u043b\u044c\u0441\u043a\u043e\u0439 \u0441\u0440\u0435\u0434\u044b \u0438\u043d\u0442\u0435\u0440\u043d\u0435\u0442-\u043c\u0430\u0433\u0430\u0437\u0438\u043d\u0430:<\/p><ul><li>Google Analytics<\/li><li>Facebook<\/li><\/ul><p><b>\u0411\u0435\u0437\u043e\u043f\u0430\u0441\u043d\u043e\u0441\u0442\u044c \u0438 \u0434\u043e\u0441\u0442\u0443\u043f \u043a \u0434\u0430\u043d\u043d\u044b\u043c<\/b><\/p><p>\u041f\u0435\u0440\u0441\u043e\u043d\u0430\u043b\u044c\u043d\u044b\u0435 \u0434\u0430\u043d\u043d\u044b\u0435 \u0445\u0440\u0430\u043d\u044f\u0442\u0441\u044f \u043d\u0430 \u0441\u0435\u0440\u0432\u0435\u0440\u0430\u0445 Zone.ee, \u043a\u043e\u0442\u043e\u0440\u044b\u0435 \u043d\u0430\u0445\u043e\u0434\u044f\u0442\u0441\u044f \u043d\u0430 \u0442\u0435\u0440\u0440\u0438\u0442\u043e\u0440\u0438\u0438 \u0433\u043e\u0441\u0443\u0434\u0430\u0440\u0441\u0442\u0432\u0430-\u0447\u043b\u0435\u043d\u0430 \u0415\u0432\u0440\u043e\u043f\u0435\u0439\u0441\u043a\u043e\u0433\u043e \u0421\u043e\u044e\u0437\u0430 \u0438\u043b\u0438 \u0441\u0442\u0440\u0430\u043d, \u043f\u0440\u0438\u0441\u043e\u0435\u0434\u0438\u043d\u0438\u0432\u0448\u0438\u0445\u0441\u044f \u043a \u0415\u0432\u0440\u043e\u043f\u0435\u0439\u0441\u043a\u043e\u043c\u0443 \u044d\u043a\u043e\u043d\u043e\u043c\u0438\u0447\u0435\u0441\u043a\u043e\u043c\u0443 \u043f\u0440\u043e\u0441\u0442\u0440\u0430\u043d\u0441\u0442\u0432\u0443. \u0414\u0430\u043d\u043d\u044b\u0435 \u043c\u043e\u0433\u0443\u0442 \u0431\u044b\u0442\u044c \u043f\u0435\u0440\u0435\u0434\u0430\u043d\u044b \u0432 \u0441\u0442\u0440\u0430\u043d\u044b, \u0447\u0435\u0439 \u0443\u0440\u043e\u0432\u0435\u043d\u044c \u0437\u0430\u0449\u0438\u0442\u044b \u0434\u0430\u043d\u043d\u044b\u0445 \u0431\u044b\u043b \u043e\u0446\u0435\u043d\u0435\u043d \u0415\u0432\u0440\u043e\u043f\u0435\u0439\u0441\u043a\u043e\u0439 \u043a\u043e\u043c\u0438\u0441\u0441\u0438\u0435\u0439 \u043a\u0430\u043a \u0430\u0434\u0435\u043a\u0432\u0430\u0442\u043d\u044b\u0439, \u0430 \u0442\u0430\u043a\u0436\u0435 \u0430\u043c\u0435\u0440\u0438\u043a\u0430\u043d\u0441\u043a\u0438\u043c \u043a\u043e\u043c\u043f\u0430\u043d\u0438\u044f\u043c, \u0441\u0432\u044f\u0437\u0430\u043d\u043d\u044b\u043c \u0441 \u0441\u0438\u0441\u0442\u0435\u043c\u043e\u0439 (Privacy Shield).\u00a0<\/p><p>\u0418\u043d\u0442\u0435\u0440\u043d\u0435\u0442-\u043c\u0430\u0433\u0430\u0437\u0438\u043d \u043f\u0440\u0438\u043d\u0438\u043c\u0430\u0435\u0442 \u0441\u043e\u043e\u0442\u0432\u0435\u0442\u0441\u0442\u0432\u0443\u044e\u0449\u0438\u0435 \u043c\u0435\u0440\u044b \u0444\u0438\u0437\u0438\u0447\u0435\u0441\u043a\u043e\u0439, \u043e\u0440\u0433\u0430\u043d\u0438\u0437\u0430\u0446\u0438\u043e\u043d\u043d\u043e\u0439 \u0438 \u0418\u0422-\u0431\u0435\u0437\u043e\u043f\u0430\u0441\u043d\u043e\u0441\u0442\u0438 \u0434\u043b\u044f \u0437\u0430\u0449\u0438\u0442\u044b \u043f\u0435\u0440\u0441\u043e\u043d\u0430\u043b\u044c\u043d\u044b\u0445 \u0434\u0430\u043d\u043d\u044b\u0445 \u043e\u0442 \u0441\u043b\u0443\u0447\u0430\u0439\u043d\u043e\u0433\u043e \u0438\u043b\u0438 \u043d\u0435\u0437\u0430\u043a\u043e\u043d\u043d\u043e\u0433\u043e \u0443\u043d\u0438\u0447\u0442\u043e\u0436\u0435\u043d\u0438\u044f, \u043f\u043e\u0442\u0435\u0440\u0438, \u0438\u0437\u043c\u0435\u043d\u0435\u043d\u0438\u044f \u0438\u043b\u0438 \u043d\u0435\u0441\u0430\u043d\u043a\u0446\u0438\u043e\u043d\u0438\u0440\u043e\u0432\u0430\u043d\u043d\u043e\u0433\u043e \u0434\u043e\u0441\u0442\u0443\u043f\u0430 \u0438 \u0440\u0430\u0441\u043a\u0440\u044b\u0442\u0438\u044f.<\/p><p>\u041f\u0435\u0440\u0435\u0434\u0430\u0447\u0430 \u043f\u0435\u0440\u0441\u043e\u043d\u0430\u043b\u044c\u043d\u044b\u0445 \u0434\u0430\u043d\u043d\u044b\u0445 \u0443\u043f\u043e\u043b\u043d\u043e\u043c\u043e\u0447\u0435\u043d\u043d\u044b\u043c \u043e\u0431\u0440\u0430\u0431\u043e\u0442\u0447\u0438\u043a\u0430\u043c \u0438\u043d\u0442\u0435\u0440\u043d\u0435\u0442-\u043c\u0430\u0433\u0430\u0437\u0438\u043d\u0430 \u2013 \u043e\u0431\u0440\u0430\u0431\u043e\u0442\u043a\u0430 \u043f\u0435\u0440\u0441\u043e\u043d\u0430\u043b\u044c\u043d\u044b\u0445 \u0434\u0430\u043d\u043d\u044b\u0445 \u043f\u0440\u043e\u0438\u0441\u0445\u043e\u0434\u0438\u0442 \u043d\u0430 \u043e\u0441\u043d\u043e\u0432\u0430\u043d\u0438\u0438 \u0434\u043e\u0433\u043e\u0432\u043e\u0440\u043e\u0432, \u0437\u0430\u043a\u043b\u044e\u0447\u0435\u043d\u043d\u044b\u0445 \u0441 \u0438\u043d\u0442\u0435\u0440\u043d\u0435\u0442-\u043c\u0430\u0433\u0430\u0437\u0438\u043d\u043e\u043c \u0438 \u0443\u043f\u043e\u043b\u043d\u043e\u043c\u043e\u0447\u0435\u043d\u043d\u044b\u043c\u0438 \u043e\u0431\u0440\u0430\u0431\u043e\u0442\u0447\u0438\u043a\u0430\u043c\u0438. \u0423\u043f\u043e\u043b\u043d\u043e\u043c\u043e\u0447\u0435\u043d\u043d\u044b\u0435 \u043e\u0431\u0440\u0430\u0431\u043e\u0442\u0447\u0438\u043a\u0438 \u043e\u0431\u044f\u0437\u0430\u043d\u044b \u043e\u0431\u0435\u0441\u043f\u0435\u0447\u0438\u0442\u044c \u043d\u0430\u0434\u043b\u0435\u0436\u0430\u0449\u0438\u0435 \u043c\u0435\u0440\u044b \u0437\u0430\u0449\u0438\u0442\u044b \u043f\u0440\u0438 \u043e\u0431\u0440\u0430\u0431\u043e\u0442\u043a\u0435 \u043f\u0435\u0440\u0441\u043e\u043d\u0430\u043b\u044c\u043d\u044b\u0445 \u0434\u0430\u043d\u043d\u044b\u0445.<\/p><p><b>\u0417\u043d\u0430\u043a\u043e\u043c\u0441\u0442\u0432\u043e \u0438 \u0438\u0441\u043f\u0440\u0430\u0432\u043b\u0435\u043d\u0438\u0435 \u043b\u0438\u0447\u043d\u044b\u0445 \u0434\u0430\u043d\u043d\u044b\u0445<\/b><\/p><p>\u041e\u0442\u043f\u0440\u0430\u0432\u044c\u0442\u0435 \u0437\u0430\u043f\u0440\u043e\u0441 \u043e \u0445\u0440\u0430\u043d\u044f\u0449\u0438\u0445\u0441\u044f \u0432 \u0438\u043d\u0442\u0435\u0440\u043d\u0435\u0442-\u043c\u0430\u0433\u0430\u0437\u0438\u043d\u0435 \u043f\u0435\u0440\u0441\u043e\u043d\u0430\u043b\u044c\u043d\u044b\u0445 \u0434\u0430\u043d\u043d\u044b\u0445 \u043f\u043e \u044d\u043b\u0435\u043a\u0442\u0440\u043e\u043d\u043d\u043e\u0439 \u043f\u043e\u0447\u0442\u0435.<\/p><p><b>\u0425\u0440\u0430\u043d\u0435\u043d\u0438\u0435<\/b><\/p><p>\u0418\u0441\u0442\u043e\u0440\u0438\u044f \u043f\u043e\u043a\u0443\u043f\u043e\u043a \u0438\u043d\u0442\u0435\u0440\u043d\u0435\u0442-\u043c\u0430\u0433\u0430\u0437\u0438\u043d\u0430 \u0445\u0440\u0430\u043d\u0438\u0442\u0441\u044f \u0442\u0440\u0438 \u0433\u043e\u0434\u0430.\u00a0<\/p><p>\u0412 \u0441\u043b\u0443\u0447\u0430\u0435 \u0432\u043e\u0437\u043d\u0438\u043a\u043d\u043e\u0432\u0435\u043d\u0438\u044f \u0441\u043f\u043e\u0440\u043e\u0432, \u0441\u0432\u044f\u0437\u0430\u043d\u043d\u044b\u0445 \u0441 \u043f\u043b\u0430\u0442\u0435\u0436\u0430\u043c\u0438 \u0438 \u043f\u043e\u0442\u0440\u0435\u0431\u0438\u0442\u0435\u043b\u044c\u0441\u043a\u0438\u0445 \u0441\u043f\u043e\u0440\u043e\u0432, \u043f\u0435\u0440\u0441\u043e\u043d\u0430\u043b\u044c\u043d\u044b\u0435 \u0434\u0430\u043d\u043d\u044b\u0435 \u0431\u0443\u0434\u0443\u0442 \u0445\u0440\u0430\u043d\u0438\u0442\u044c\u0441\u044f \u0434\u043e \u043c\u043e\u043c\u0435\u043d\u0442\u0430 \u0443\u0434\u043e\u0432\u043b\u0435\u0442\u0432\u043e\u0440\u0435\u043d\u0438\u044f \u043f\u0440\u0435\u0442\u0435\u043d\u0437\u0438\u0438 \u0438\u043b\u0438 \u0434\u043e \u043e\u043a\u043e\u043d\u0447\u0430\u043d\u0438\u044f \u0441\u0440\u043e\u043a\u0430 \u0434\u0430\u0432\u043d\u043e\u0441\u0442\u0438 (\u0442\u0440\u0438 \u0433\u043e\u0434\u0430).\u00a0<\/p><p>\u041f\u0435\u0440\u0441\u043e\u043d\u0430\u043b\u044c\u043d\u044b\u0435 \u0434\u0430\u043d\u043d\u044b\u0435, \u043d\u0435\u043e\u0431\u0445\u043e\u0434\u0438\u043c\u044b\u0435 \u0434\u043b\u044f \u0432\u0435\u0434\u0435\u043d\u0438\u044f \u0431\u0443\u0445\u0433\u0430\u043b\u0442\u0435\u0440\u0441\u043a\u043e\u0433\u043e \u0443\u0447\u0435\u0442\u0430, \u0445\u0440\u0430\u043d\u044f\u0442\u0441\u044f \u0432 \u0442\u0435\u0447\u0435\u043d\u0438\u0435 \u0441\u0435\u043c\u0438 \u043b\u0435\u0442.\u00a0<\/p><p><b>\u0423\u0434\u0430\u043b\u0435\u043d\u0438\u0435<\/b><\/p><p>E-poodi salvestatud isikuandmed saab kustutada\u00a0kirjutades e-postile\u00a0info@passiongames.eu<\/p><p><b>\u0420\u0410\u0417\u0420\u0415\u0428\u0415\u041d\u0418\u0415 \u0421\u041f\u041e\u0420\u041e\u0412<\/b><\/p><p>Isikuandmete t\u00f6\u00f6tlemisega seotud vaidluste lahendamine toimub\u00a0klienditoe vahendusel. J\u00e4relevalveasutus on Eesti Andmekaitse Inspektsioon (info@aki.ee).\u00a0<\/p><p>PriMii O\u00dc on isikuandmete vastutav t\u00f6\u00f6tleja ning edastab maksete teostamiseks vajalikud isikuandmed volitatud t\u00f6\u00f6tlejale Montonio Finance UAB.<\/p>\t\t\t\t\t\t\t\t<\/div>\n\t\t\t\t<\/div>\n\t\t\t\t\t<\/div>\n\t\t<\/div>\n\t\t\t\t\t<\/div>\n\t\t<\/section>\n\t\t\t\t<\/div>","protected":false},"excerpt":{"rendered":"<p>E-poe passiongames.eu isikuandmete vastutav t\u00f6\u00f6tleja on PriMii O\u00dc (16196873), asukohaga Seebi tn 22, 11316 Tallinn, telefon +372 56505600ja e-post info@passiongames.eu (edaspidi \u201ckaupmees\u201d).\u00a0 Milliseid isikuandmeid t\u00f6\u00f6deldakse nimi; kontaktinfo, nagu telefoninumber ja e-posti aadress; maksja ja kohaletoimetamise aadress; kaupade ja teenuste maksumus ja maksetega seotud andmed (ostuajalugu); klienditoe andmed; muu kliendiuuringute ja\/v\u00f5i pakkumistega seotud teave. Mis eesm\u00e4rgil [&hellip;]<\/p>","protected":false},"author":1,"featured_media":0,"parent":0,"menu_order":0,"comment_status":"closed","ping_status":"closed","template":"","meta":{"inline_featured_image":false,"_monsterinsights_skip_tracking":false,"_monsterinsights_sitenote_active":false,"_monsterinsights_sitenote_note":"","_monsterinsights_sitenote_category":0,"_uf_show_specific_survey":0,"_uf_disable_surveys":false,"site-sidebar-layout":"default","site-content-layout":"default","ast-site-content-layout":"default","site-content-style":"default","site-sidebar-style":"default","ast-global-header-display":"","ast-banner-title-visibility":"","ast-main-header-display":"","ast-hfb-above-header-display":"","ast-hfb-below-header-display":"","ast-hfb-mobile-header-display":"","site-post-title":"","ast-breadcrumbs-content":"","ast-featured-img":"","footer-sml-layout":"","theme-transparent-header-meta":"default","adv-header-id-meta":"","stick-header-meta":"default","header-above-stick-meta":"","header-main-stick-meta":"","header-below-stick-meta":"","astra-migrate-meta-layouts":"default","ast-page-background-enabled":"default","ast-page-background-meta":{"desktop":{"background-color":"","background-image":"","background-repeat":"repeat","background-position":"center center","background-size":"auto","background-attachment":"scroll","background-type":"","background-media":"","overlay-type":"","overlay-color":"","overlay-opacity":"","overlay-gradient":""},"tablet":{"background-color":"","background-image":"","background-repeat":"repeat","background-position":"center center","background-size":"auto","background-attachment":"scroll","background-type":"","background-media":"","overlay-type":"","overlay-color":"","overlay-opacity":"","overlay-gradient":""},"mobile":{"background-color":"","background-image":"","background-repeat":"repeat","background-position":"center center","background-size":"auto","background-attachment":"scroll","background-type":"","background-media":"","overlay-type":"","overlay-color":"","overlay-opacity":"","overlay-gradient":""}},"ast-content-background-meta":{"desktop":{"background-color":"var(--ast-global-color-5)","background-image":"","background-repeat":"repeat","background-position":"center center","background-size":"auto","background-attachment":"scroll","background-type":"","background-media":"","overlay-type":"","overlay-color":"","overlay-opacity":"","overlay-gradient":""},"tablet":{"background-color":"var(--ast-global-color-5)","background-image":"","background-repeat":"repeat","background-position":"center center","background-size":"auto","background-attachment":"scroll","background-type":"","background-media":"","overlay-type":"","overlay-color":"","overlay-opacity":"","overlay-gradient":""},"mobile":{"background-color":"var(--ast-global-color-5)","background-image":"","background-repeat":"repeat","background-position":"center center","background-size":"auto","background-attachment":"scroll","background-type":"","background-media":"","overlay-type":"","overlay-color":"","overlay-opacity":"","overlay-gradient":""}},"footnotes":""},"class_list":["post-2763","page","type-page","status-publish","hentry"],"aioseo_notices":[],"_links":{"self":[{"href":"https:\/\/passiongames.eu\/ru\/wp-json\/wp\/v2\/pages\/2763","targetHints":{"allow":["GET"]}}],"collection":[{"href":"https:\/\/passiongames.eu\/ru\/wp-json\/wp\/v2\/pages"}],"about":[{"href":"https:\/\/passiongames.eu\/ru\/wp-json\/wp\/v2\/types\/page"}],"author":[{"embeddable":true,"href":"https:\/\/passiongames.eu\/ru\/wp-json\/wp\/v2\/users\/1"}],"replies":[{"embeddable":true,"href":"https:\/\/passiongames.eu\/ru\/wp-json\/wp\/v2\/comments?post=2763"}],"version-history":[{"count":28,"href":"https:\/\/passiongames.eu\/ru\/wp-json\/wp\/v2\/pages\/2763\/revisions"}],"predecessor-version":[{"id":7885,"href":"https:\/\/passiongames.eu\/ru\/wp-json\/wp\/v2\/pages\/2763\/revisions\/7885"}],"wp:attachment":[{"href":"https:\/\/passiongames.eu\/ru\/wp-json\/wp\/v2\/media?parent=2763"}],"curies":[{"name":"wp","href":"https:\/\/api.w.org\/{rel}","templated":true}]}}