{"id":2766,"date":"2021-04-18T00:45:40","date_gmt":"2021-04-17T22:45:40","guid":{"rendered":"https:\/\/vaarikas.alumaart.ee\/?page_id=2766"},"modified":"2026-03-23T11:24:28","modified_gmt":"2026-03-23T09:24:28","slug":"muugitingimused","status":"publish","type":"page","link":"https:\/\/passiongames.eu\/en\/muugitingimused\/","title":{"rendered":"Terms and conditions"},"content":{"rendered":"<p>Veebipoe passiongames.eu\u00a0(edaspidi Veebipood) omanik on PriMii O\u00dc (registrikood 16196873), asukohaga\u00a0Seebi tn 22, 11316 Tallinn.<\/p>\n\n\n\n<div style=\"height:24px\" aria-hidden=\"true\" class=\"wp-block-spacer\"><\/div>\n\n\n\n<h3 class=\"wp-block-heading\" id=\"h-m-gilepingu-kehtivus-kauba-ja-hinnainfo\">VALIDITY OF SALES CONTRACT, PRODUCT AND PRICE INFORMATION<\/h3>\n\n\n\n<p>Selling conditions apply to the purchase of goods from the online store.<\/p>\n\n\n\n<p>The prices of products sold in the online store are indicated next to the products. Shipping fee is added to the price.<\/p>\n\n\n\n<p>The shipping cost of the goods depends on the location of the purchaser and shipping method. The shipping cost is displayed to the purchaser when the order is placed.<\/p>\n\n\n\n<p>Product information is provided in the online store next to the item.<\/p>\n\n\n\n<div style=\"height:24px\" aria-hidden=\"true\" class=\"wp-block-spacer\"><\/div>\n\n\n\n<h3 class=\"wp-block-heading\" id=\"h-tellimuse-vormistamine-ja-makseviisid\">PLACING AN ORDER AND PAYMENT METHODS<\/h3>\n\n\n\n<p>To order a product, add the desired products to the shopping cart. To place an order, fill in the required data fields and select the appropriate shipping method. Then the total amount to pay is displayed on the screen. Order can be paid securely via following payment methods:&nbsp;<\/p>\n\n\n\n<ul class=\"wp-block-list\">\n<li>Montonio Finance UAB<\/li>\n\n\n\n<li>Visa \/ Mastercard card payments<\/li>\n<\/ul>\n\n\n\n<p>ATTENTION! When using bank link payment, confirm the order and then click on the \u201cReturn to merchant\u201d button<\/p>\n\n\n\n<p>Makseid vahendab&nbsp;Montonio Finance UAB. Tasumine toimub v\u00e4ljaspool Veebipoodi turvalises keskkonnas \u2013 pangalingiga tasumisel vastava panga turvalises keskkonnas ja krediitkaardiga tasumisel Stripe turvalises keskkonnas. M\u00fc\u00fcjal puudub ligip\u00e4\u00e4s kliendi panga ja krediitkaardi andmetele. Leping j\u00f5ustub alates tasumisele kuuluva summa laekumisest Veebipoe arvelduskontole.<\/p>\n\n\n\n<p>Merekaru MT\u00dc O\u00dc is the responsible processor of personal data and forwards the personal data necessary for making payments to the authorized processor Montonio Finance UAB.<\/p>\n\n\n\n<div style=\"height:24px\" aria-hidden=\"true\" class=\"wp-block-spacer\"><\/div>\n\n\n\n<h3 class=\"wp-block-heading\" id=\"h-kohaletoimetamine\">SHIPPING<\/h3>\n\n\n\n<p>Goods are shipped to the following countries: Estonia, Finland.<\/p>\n\n\n\n<p>The shipping costs are borne by the purchaser and the relevant price information is displayed next to the shipping method.<\/p>\n\n\n\n<p>All shipments within Estonia generally arrive at the destination specified by the purchaser within 1-7 working days of the date of entry into force of the contract of sales or according to other terms if the shipping information next to the product is written differently.<\/p>\n\n\n\n<p>Shipping method options:<\/p>\n\n\n\n<ul class=\"wp-block-list\">\n<li>Smartpost Packing parcel terminals<\/li>\n\n\n\n<li>Omniva parcel machines<\/li>\n<\/ul>\n\n\n\n<p>We have the right to ship goods in up to 45 calendar days in exceptional cases.<\/p>\n\n\n\n<div style=\"height:24px\" aria-hidden=\"true\" class=\"wp-block-spacer\"><\/div>\n\n\n\n<h3 class=\"wp-block-heading\" id=\"h-taganemis-igus\">RIGHT OF WITHDRAWAL<\/h3>\n\n\n\n<p>After receiving the order, the purchaser has the right to withdraw from the contract entered into with the online shop within 14 days.<\/p>\n\n\n\n<p>The right of withdrawal shall not apply in case the purchaser is a legal person.<\/p>\n\n\n\n<p>After receiving the order, the purchaser has the right to withdraw from the contract entered into with the online shop within 14 days.<\/p>\n\n\n\n<p>If the goods have been used for purposes other than those necessary to verify the nature, characteristics and functioning of the goods or have signs of use or wear, the Online Store is entitled to lower the refundable charge according to the decrease in the value of the goods.<\/p>\n\n\n\n<p>Kauba tagastamiseks tuleb esitada kauba ostmisest vabas vormis taganemise avaldus&nbsp;ning saata see e-posti aadressile info@passiongames.eu hiljemalt 14 p\u00e4eva jooksul kauba k\u00e4ttesaamisest.<\/p>\n\n\n\n<p>The cost of returning the goods shall be borne by the purchaser unless the reason for the return is that the product to be returned does not correspond to the ordered product (for example, a false or defective thing).<\/p>\n\n\n\n<p>The purchaser must return the goods within 14 days following the submission of the application or provide proof that he has delivered the goods to the carrier during the abovementioned period.<\/p>\n\n\n\n<p>The online store shall immediately, but not later than 14 days after receipt of the withdrawal application, return all fees received from the purchaser under the contract upon receipt of the returned goods to the purchaser.<\/p>\n\n\n\n<p>The online store may refuse to make repayments until the product that is the subject of the contract has been recovered or until the purchaser has provided evidence that he has returned the case, whichever is the earlier.<\/p>\n\n\n\n<p>If the buyer has explicitly chosen a method of delivery different from the cheapest standard delivery offered by the Online Store, the Online Store does not have to refund to the consumer an expense that exceeds the cost associated with the normal delivery method.<\/p>\n\n\n\n<p>The online store has the right to withdraw from the sale transaction and to recover the goods from the purchaser if the price of the goods on the online store is marked significantly below the market price of the goods due to a mistake.<\/p>\n\n\n\n<div style=\"height:24px\" aria-hidden=\"true\" class=\"wp-block-spacer\"><\/div>\n\n\n\n<h3 class=\"wp-block-heading\" id=\"h-pretensiooni-esitamise-igus\">RIGHT TO SUBMIT A CLAIM<\/h3>\n\n\n\n<p>The online store is responsible for the non-conformity or defect of the goods sold to the purchaser, which existed at the time of the transfer of the product and which occurs for up to two years from the date of delivery of the goods to the purchaser.<\/p>\n\n\n\n<p>The purchaser shall have the right to contact the online store within two months at the latest if a deficiency occurs by sending an e-mail to <a href=\"mailto:info@passiongames.eu\">info@passiongames.eu<\/a> v\u00f5i helistada telefonil: +372 56505600<\/p>\n\n\n\n<p>The online store shall respond to the consumer's complaint in writing or in a format that can be reproduced in writing within 15 days.<\/p>\n\n\n\n<p>The online store shall not be liable for defects caused after the delivery of the goods to the purchaser.<\/p>\n\n\n\n<p>If the goods purchased from the Online Store have deficiencies for which the Online Store is responsible, the Online Store will repair or replace the defective goods. If the goods cannot be repaired or replaced, the Online Store will return to the purchaser all the fees associated with the sales contract.<\/p>\n\n\n\n<div style=\"height:24px\" aria-hidden=\"true\" class=\"wp-block-spacer\"><\/div>\n\n\n\n<h3 class=\"wp-block-heading\" id=\"h-otseturustus-ja-isikuandmete-t-tlemine\">DIRECT MARKETING AND PROCESSING OF PERSONAL DATA<\/h3>\n\n\n\n<p>The online store uses personal information entered by the purchaser, including name, phone number, e-mail address, bank data, only to process the order and send the item to the purchaser. The online store will provide personal information to the companies providing the transport service in order to deliver the goods.<\/p>\n\n\n\n<p>The online store sends newsletters and offers to the purchaser's e-mail address only if the purchaser has requested to do so by entering an e-mail address on the website and notifying the shop of their wish to receive direct mail messages.<\/p>\n\n\n\n<p>The purchaser will be able to opt out of e-mail offers and newsletters at any time by e-mail or by following the instructions in the e-mail containing the offers.<\/p>\n\n\n\n<div style=\"height:24px\" aria-hidden=\"true\" class=\"wp-block-spacer\"><\/div>\n\n\n\n<h3 class=\"wp-block-heading\" id=\"h-vaidluste-lahendamine\">SETTLEMENT OF DISPUTES<\/h3>\n\n\n\n<p>If the purchaser has claims for the Online Store, they must be sent to the e-mail address <a href=\"mailto:info@passiongames.eu\">info@passiongames.eu<\/a> v\u00f5i helistada telefonil: +372\u00a056505600<\/p>\n\n\n\n<p class=\" translation-block\">If the purchaser and the Online Store are unable to resolve the dispute by agreement, the purchaser may contact <a href=\"http:\/\/www.komisjon.ee\/\" target=\"_self\" rel=\"noreferrer noopener\">the Consumer Dispute Commission.<\/a>.\n The procedural conditions can be consulted, and the application can be made. It is the responsibility of the Consumer Dispute Commission to resolve disputes arising from a contract between the purchaser and the Online Shop. The review of the purchaser\u2019s complaint by the Commission is free of charge.<\/p>\n\n\n\n<p>The purchaser may also turn to the dispute resolution bodies of the European Union&nbsp;<a href=\"https:\/\/webgate.ec.europa.eu\/odr\/\" target=\"_blank\" rel=\"noreferrer noopener\">HERE<\/a>.<\/p>","protected":false},"excerpt":{"rendered":"<p>Veebipoe passiongames.eu\u00a0(edaspidi Veebipood) omanik on PriMii O\u00dc (registrikood 16196873), asukohaga\u00a0Seebi tn 22, 11316 Tallinn. M\u00fc\u00fcgilepingu kehtivus, kauba- ja hinnainfo M\u00fc\u00fcgitingimused kehtivad Veebipoest kaupade ostmisel. Veebipoes m\u00fc\u00fcdavate toodete hinnad on m\u00e4rgitud toodete juurde. Hinnale lisandub tasu kauba k\u00e4ttetoimetamise eest. Kauba k\u00e4ttetoimetamise tasu s\u00f5ltub ostja asukohast ning k\u00e4ttetoimetamise viisist. K\u00e4ttetoimetamise tasu kuvatakse ostjale tellimuse vormistamisel. Teave kauba [&hellip;]<\/p>","protected":false},"author":1,"featured_media":0,"parent":0,"menu_order":0,"comment_status":"closed","ping_status":"closed","template":"","meta":{"inline_featured_image":false,"_monsterinsights_skip_tracking":false,"_monsterinsights_sitenote_active":false,"_monsterinsights_sitenote_note":"","_monsterinsights_sitenote_category":0,"_uf_show_specific_survey":0,"_uf_disable_surveys":false,"site-sidebar-layout":"default","site-content-layout":"default","ast-site-content-layout":"default","site-content-style":"default","site-sidebar-style":"default","ast-global-header-display":"","ast-banner-title-visibility":"","ast-main-header-display":"","ast-hfb-above-header-display":"","ast-hfb-below-header-display":"","ast-hfb-mobile-header-display":"","site-post-title":"","ast-breadcrumbs-content":"","ast-featured-img":"","footer-sml-layout":"","theme-transparent-header-meta":"default","adv-header-id-meta":"","stick-header-meta":"default","header-above-stick-meta":"","header-main-stick-meta":"","header-below-stick-meta":"","astra-migrate-meta-layouts":"set","ast-page-background-enabled":"default","ast-page-background-meta":{"desktop":{"background-color":"","background-image":"","background-repeat":"repeat","background-position":"center center","background-size":"auto","background-attachment":"scroll","background-type":"","background-media":"","overlay-type":"","overlay-color":"","overlay-opacity":"","overlay-gradient":""},"tablet":{"background-color":"","background-image":"","background-repeat":"repeat","background-position":"center center","background-size":"auto","background-attachment":"scroll","background-type":"","background-media":"","overlay-type":"","overlay-color":"","overlay-opacity":"","overlay-gradient":""},"mobile":{"background-color":"","background-image":"","background-repeat":"repeat","background-position":"center center","background-size":"auto","background-attachment":"scroll","background-type":"","background-media":"","overlay-type":"","overlay-color":"","overlay-opacity":"","overlay-gradient":""}},"ast-content-background-meta":{"desktop":{"background-color":"var(--ast-global-color-5)","background-image":"","background-repeat":"repeat","background-position":"center center","background-size":"auto","background-attachment":"scroll","background-type":"","background-media":"","overlay-type":"","overlay-color":"","overlay-opacity":"","overlay-gradient":""},"tablet":{"background-color":"var(--ast-global-color-5)","background-image":"","background-repeat":"repeat","background-position":"center center","background-size":"auto","background-attachment":"scroll","background-type":"","background-media":"","overlay-type":"","overlay-color":"","overlay-opacity":"","overlay-gradient":""},"mobile":{"background-color":"var(--ast-global-color-5)","background-image":"","background-repeat":"repeat","background-position":"center center","background-size":"auto","background-attachment":"scroll","background-type":"","background-media":"","overlay-type":"","overlay-color":"","overlay-opacity":"","overlay-gradient":""}},"footnotes":""},"class_list":["post-2766","page","type-page","status-publish","hentry"],"aioseo_notices":[],"_links":{"self":[{"href":"https:\/\/passiongames.eu\/en\/wp-json\/wp\/v2\/pages\/2766","targetHints":{"allow":["GET"]}}],"collection":[{"href":"https:\/\/passiongames.eu\/en\/wp-json\/wp\/v2\/pages"}],"about":[{"href":"https:\/\/passiongames.eu\/en\/wp-json\/wp\/v2\/types\/page"}],"author":[{"embeddable":true,"href":"https:\/\/passiongames.eu\/en\/wp-json\/wp\/v2\/users\/1"}],"replies":[{"embeddable":true,"href":"https:\/\/passiongames.eu\/en\/wp-json\/wp\/v2\/comments?post=2766"}],"version-history":[{"count":8,"href":"https:\/\/passiongames.eu\/en\/wp-json\/wp\/v2\/pages\/2766\/revisions"}],"predecessor-version":[{"id":7890,"href":"https:\/\/passiongames.eu\/en\/wp-json\/wp\/v2\/pages\/2766\/revisions\/7890"}],"wp:attachment":[{"href":"https:\/\/passiongames.eu\/en\/wp-json\/wp\/v2\/media?parent=2766"}],"curies":[{"name":"wp","href":"https:\/\/api.w.org\/{rel}","templated":true}]}}