{"id":2763,"date":"2021-04-18T00:43:32","date_gmt":"2021-04-17T22:43:32","guid":{"rendered":"https:\/\/vaarikas.alumaart.ee\/?page_id=2763"},"modified":"2026-03-21T19:03:06","modified_gmt":"2026-03-21T17:03:06","slug":"andmekaitse","status":"publish","type":"page","link":"https:\/\/passiongames.eu\/en\/andmekaitse\/","title":{"rendered":"Privacy policy"},"content":{"rendered":"<div data-elementor-type=\"wp-page\" data-elementor-id=\"2763\" class=\"elementor elementor-2763\">\n\t\t\t\t\t\t<section class=\"elementor-section elementor-top-section elementor-element elementor-element-a23e044 elementor-section-boxed elementor-section-height-default elementor-section-height-default\" data-id=\"a23e044\" data-element_type=\"section\">\n\t\t\t\t\t\t<div class=\"elementor-container elementor-column-gap-default\">\n\t\t\t\t\t<div class=\"elementor-column elementor-col-100 elementor-top-column elementor-element elementor-element-31d9605a\" data-id=\"31d9605a\" data-element_type=\"column\">\n\t\t\t<div class=\"elementor-widget-wrap elementor-element-populated\">\n\t\t\t\t\t\t<div class=\"elementor-element elementor-element-8ab3f08 elementor-widget elementor-widget-text-editor\" data-id=\"8ab3f08\" data-element_type=\"widget\" data-widget_type=\"text-editor.default\">\n\t\t\t\t<div class=\"elementor-widget-container\">\n\t\t\t\t\t\t\t\t\t<p>E-poe passiongames.eu isikuandmete vastutav t\u00f6\u00f6tleja on PriMii O\u00dc (16196873), asukohaga <span style=\"font-size: 16px;\">Seebi tn 22, 11316 Tallinn<\/span>, telefon +372 56505600<br \/>ja e-post info@passiongames.eu (edaspidi \u201ckaupmees\u201d).\u00a0<\/p><p><b>What kind of personal data is processed<\/b><\/p><ul><li>Name;<\/li><li>contact information such as phone number and email address;<\/li><li>payer and delivery address;<\/li><li>cost of goods and services and data related to payments (purchase history);<\/li><li>customer support data;<\/li><li>other information related to customer surveys and\/or offers.<\/li><\/ul><p><b>For what purpose is personal data processed?<\/b><\/p><ul><li>to manage customer orders and deliver goods;<\/li><li>to create an overview of the purchased goods for purchase analyses;<\/li><li>to ensure payments to the customer (bank account number);<\/li><li>to resolve questions related to the purchase of goods (e-mail, telephone);<\/li><li>for web usage statistics (IP address);<\/li><li>to issue and send invoices to the customer;<\/li><li>for marketing reasons<\/li><li>Email address and phone number are used for sending direct marketing messages if the customer has given the respective consent. If the customer does not want to receive direct marketing messages, the customer should select the relevant link at the footer of the email or contact customer service.<\/li><li>Where personal data are processed for direct marketing purposes (profiling), the customer has the right to object at any time both to the initial and further processing of his\/her personal data, including profiling related to direct marketing by notifying customer support thereof via email <a href=\"mailto:info@passiongames.eu\">info@passiongames.eu<\/a><\/li><\/ul><p><b>Personal data transfer to authorized processors<\/b><\/p><p>The merchant keeps the customer's personal data confidential and discloses them to third parties only with the customer's consent, except if the obligation or right to publish data arises from legislation. The user of the e-store agrees that the merchant has the right to process his data in order to provide appropriate services to the customer, including transferring the customer's data to persons involved in the provision of services by the merchant to the customer.<\/p><p>Payment intermediaries - for paying for orders<\/p><ul><li>PayPal<\/li><li>Montonio<\/li><\/ul><p>Collection of statistics - collection of information for the purpose of improving the user experience of the e-store:<\/p><ul><li>Google Analytics<\/li><li>Facebook<\/li><\/ul><p><b>Security and access to data<\/b><\/p><p>Personal data is stored on Zone.ee servers, which are located in the territory of a member state of the European Union or countries that have joined the European Economic Area. Data may be transferred to countries whose level of data protection has been assessed as adequate by the European Commission and to US companies that are affiliated with the Privacy Shield framework.\u00a0<\/p><p>The e-shop implements appropriate physical, organizational and IT security measures to protect personal data from accidental or illegal destruction, loss, alteration or unauthorized access and disclosure.<\/p><p>Transfer of personal data to authorized processors of the e-store - processing of personal data takes place on the basis of contracts concluded with the e-store and authorized processors. Authorized processors are obliged to ensure appropriate protection measures when processing personal data.<\/p><p><b>Accessing and correcting personal data<\/b><\/p><p>Submit a request about personal data stored in the e-shop by e-mail.<\/p><p><b>Storage<\/b><\/p><p>The purchase history of the online store is stored for three years.\u00a0<\/p><p>In case of disputes related to payments and consumer disputes, personal data will be stored until the claim is fulfilled or until the end of the statute of limitations (three years).\u00a0<\/p><p>Personal data necessary for accounting are stored for seven years.\u00a0<\/p><p><b>Deletion<\/b><\/p><p>E-poodi salvestatud isikuandmed saab kustutada\u00a0kirjutades e-postile\u00a0info@passiongames.eu<\/p><p><b>SETTLEMENT OF DISPUTES<\/b><\/p><p>Isikuandmete t\u00f6\u00f6tlemisega seotud vaidluste lahendamine toimub\u00a0klienditoe vahendusel. J\u00e4relevalveasutus on Eesti Andmekaitse Inspektsioon (info@aki.ee).\u00a0<\/p><p>PriMii O\u00dc on isikuandmete vastutav t\u00f6\u00f6tleja ning edastab maksete teostamiseks vajalikud isikuandmed volitatud t\u00f6\u00f6tlejale Montonio Finance UAB.<\/p>\t\t\t\t\t\t\t\t<\/div>\n\t\t\t\t<\/div>\n\t\t\t\t\t<\/div>\n\t\t<\/div>\n\t\t\t\t\t<\/div>\n\t\t<\/section>\n\t\t\t\t<\/div>","protected":false},"excerpt":{"rendered":"<p>E-poe passiongames.eu isikuandmete vastutav t\u00f6\u00f6tleja on PriMii O\u00dc (16196873), asukohaga Seebi tn 22, 11316 Tallinn, telefon +372 56505600ja e-post info@passiongames.eu (edaspidi \u201ckaupmees\u201d).\u00a0 Milliseid isikuandmeid t\u00f6\u00f6deldakse nimi; kontaktinfo, nagu telefoninumber ja e-posti aadress; maksja ja kohaletoimetamise aadress; kaupade ja teenuste maksumus ja maksetega seotud andmed (ostuajalugu); klienditoe andmed; muu kliendiuuringute ja\/v\u00f5i pakkumistega seotud teave. Mis eesm\u00e4rgil [&hellip;]<\/p>","protected":false},"author":1,"featured_media":0,"parent":0,"menu_order":0,"comment_status":"closed","ping_status":"closed","template":"","meta":{"inline_featured_image":false,"_monsterinsights_skip_tracking":false,"_monsterinsights_sitenote_active":false,"_monsterinsights_sitenote_note":"","_monsterinsights_sitenote_category":0,"_uf_show_specific_survey":0,"_uf_disable_surveys":false,"site-sidebar-layout":"default","site-content-layout":"default","ast-site-content-layout":"default","site-content-style":"default","site-sidebar-style":"default","ast-global-header-display":"","ast-banner-title-visibility":"","ast-main-header-display":"","ast-hfb-above-header-display":"","ast-hfb-below-header-display":"","ast-hfb-mobile-header-display":"","site-post-title":"","ast-breadcrumbs-content":"","ast-featured-img":"","footer-sml-layout":"","theme-transparent-header-meta":"default","adv-header-id-meta":"","stick-header-meta":"default","header-above-stick-meta":"","header-main-stick-meta":"","header-below-stick-meta":"","astra-migrate-meta-layouts":"default","ast-page-background-enabled":"default","ast-page-background-meta":{"desktop":{"background-color":"","background-image":"","background-repeat":"repeat","background-position":"center center","background-size":"auto","background-attachment":"scroll","background-type":"","background-media":"","overlay-type":"","overlay-color":"","overlay-opacity":"","overlay-gradient":""},"tablet":{"background-color":"","background-image":"","background-repeat":"repeat","background-position":"center center","background-size":"auto","background-attachment":"scroll","background-type":"","background-media":"","overlay-type":"","overlay-color":"","overlay-opacity":"","overlay-gradient":""},"mobile":{"background-color":"","background-image":"","background-repeat":"repeat","background-position":"center center","background-size":"auto","background-attachment":"scroll","background-type":"","background-media":"","overlay-type":"","overlay-color":"","overlay-opacity":"","overlay-gradient":""}},"ast-content-background-meta":{"desktop":{"background-color":"var(--ast-global-color-5)","background-image":"","background-repeat":"repeat","background-position":"center center","background-size":"auto","background-attachment":"scroll","background-type":"","background-media":"","overlay-type":"","overlay-color":"","overlay-opacity":"","overlay-gradient":""},"tablet":{"background-color":"var(--ast-global-color-5)","background-image":"","background-repeat":"repeat","background-position":"center center","background-size":"auto","background-attachment":"scroll","background-type":"","background-media":"","overlay-type":"","overlay-color":"","overlay-opacity":"","overlay-gradient":""},"mobile":{"background-color":"var(--ast-global-color-5)","background-image":"","background-repeat":"repeat","background-position":"center center","background-size":"auto","background-attachment":"scroll","background-type":"","background-media":"","overlay-type":"","overlay-color":"","overlay-opacity":"","overlay-gradient":""}},"footnotes":""},"class_list":["post-2763","page","type-page","status-publish","hentry"],"aioseo_notices":[],"_links":{"self":[{"href":"https:\/\/passiongames.eu\/en\/wp-json\/wp\/v2\/pages\/2763","targetHints":{"allow":["GET"]}}],"collection":[{"href":"https:\/\/passiongames.eu\/en\/wp-json\/wp\/v2\/pages"}],"about":[{"href":"https:\/\/passiongames.eu\/en\/wp-json\/wp\/v2\/types\/page"}],"author":[{"embeddable":true,"href":"https:\/\/passiongames.eu\/en\/wp-json\/wp\/v2\/users\/1"}],"replies":[{"embeddable":true,"href":"https:\/\/passiongames.eu\/en\/wp-json\/wp\/v2\/comments?post=2763"}],"version-history":[{"count":28,"href":"https:\/\/passiongames.eu\/en\/wp-json\/wp\/v2\/pages\/2763\/revisions"}],"predecessor-version":[{"id":7885,"href":"https:\/\/passiongames.eu\/en\/wp-json\/wp\/v2\/pages\/2763\/revisions\/7885"}],"wp:attachment":[{"href":"https:\/\/passiongames.eu\/en\/wp-json\/wp\/v2\/media?parent=2763"}],"curies":[{"name":"wp","href":"https:\/\/api.w.org\/{rel}","templated":true}]}}