{"id":2758,"date":"2021-04-18T00:39:51","date_gmt":"2021-04-17T22:39:51","guid":{"rendered":"https:\/\/vaarikas.alumaart.ee\/?page_id=2758"},"modified":"2021-04-18T00:39:51","modified_gmt":"2021-04-17T22:39:51","slug":"kupsised","status":"publish","type":"page","link":"https:\/\/passiongames.eu\/en\/kupsised\/","title":{"rendered":"Cookies"},"content":{"rendered":"<ul class=\"wp-block-list\"><li>Passiongames.eu kasutab k\u00fcpsiseid (cookies).&nbsp;K\u00fcpsised on v\u00e4ikesed tekstifailid, mis paigaldatakse kasutaja arvutisse veebilehelt, mida kasutaja k\u00fclastab, kui kasutaja ei ole k\u00f5igi v\u00f5i osade k\u00fcpsiste paigaldamist oma veebilehitseja s\u00e4tetes keelanud. K\u00fcpsised v\u00f5imaldavad \u00e4ra tunda kasutaja seadme veebilehtede k\u00fclastamisel.<\/li><li>K\u00fcpsised v\u00f5imaldavad j\u00e4lgida veebilehe kasutusstatistikat, rubriikide populaarsust ning muid veebilehel tehtavatest toiminguid. K\u00fcpsisest saadavat teavet kasutatakse veebilehe kasutusmugavuse ja sisu parandamise eesm\u00e4rgil.<\/li><li>K\u00fcpsised kuuluvad nn hallvara hulka, mis ei ole ohtlik, aga v\u00f5ib kasutajale siiski ebamugavusi tekitada. Sellep\u00e4rast anal\u00fc\u00fcsivad viiruset\u00f5rjeprogrammid lisaks viirustele ka k\u00fcpsiseid ja pakuvad kasutajale v\u00f5imalust ise otsustada, millised k\u00fcpsised alles j\u00e4tta ja millised kustutada.<\/li><li>K\u00fcpsised ei sisalda isiklikku teavet \u2013 need m\u00e4ngivad rolli vaid Sinu jaoks loodud vaatepildi t\u00e4iustamisel. Lehe k\u00fclastaja\/kasutaja on kohustatud sisestama ainult korrektseid andmeid enda kohta. Andmete t\u00f6\u00f6tlemine on vastavuses Eesti andmekaitseseadusega.<\/li><li>E-posti aadressi kasutatakse vaid Sinu tellimuse kinnitamiseks ja arve saatmiseks.<\/li><li>K\u00f5iki Sinu poolt sisestatud andmeid hoitakse meie andmebaasis. Kuna seda teavet ei avalikustata \u00fchelegi kolmanda osapoole inimesele v\u00e4lja arvatud vaid volitatud ametlikele institutsioonidele (n\u00e4iteks Eesti Politsei, kohus) ja volitatud korras, ei kanna veebilehe omanik vastutust \u00fchegi h\u00e4kkimiskatse eest, mis v\u00f5ivad andmeid ohustada.<\/li><\/ul>\n\n\n\n<p><strong>Passiongames.eu veebilehel kasutatavate k\u00fcpsiste t\u00fc\u00fcbid<\/strong><\/p>\n\n\n\n<ul class=\"wp-block-list\"><li>Autori ehk esimese osapoole k\u00fcpsised, mis p\u00e4rinevad vaadatavalt v\u00f5rgulehelt ja v\u00f5ivad olla nii p\u00fcsivad kui ka ajutised. V\u00f5rgulehed v\u00f5ivad nende k\u00fcpsiste abil salvestada teavet, mida taaskasutatakse j\u00e4rgmisel korral, kui lehte k\u00fclastatakse.<\/li><li>Sessioonik\u00fcpsised v\u00f5imaldavad veebilehel meelde j\u00e4tta Kasutaja poolt tehtud varasemaid valikud ning seel\u00e4bi pakkuda t\u00f5husamaid ja isikup\u00e4rasemaid funktsioone.<\/li><li>J\u00e4lgimisk\u00fcpsised koguvad andmeid Kasutaja k\u00e4itumisest veebilehel. J\u00e4lgimisk\u00fcpsisest saadav informatsioon v\u00f5imaldab t\u00f5sta veebilehe kasutusmugavust.<\/li><li>Tehnilised k\u00fcpsised, mis on vajalikud, et Kasutaja saaks v\u00f5rgulehel \u00fcldse navigeerida ja v\u00f5rgulehe funktsioone kasutada.<\/li><li>Anal\u00fc\u00fctilised k\u00fcpsised, mis koguvad teavet selle kohta, kuidas Kasutaja v\u00f5rgulehte kasutab. Need k\u00fcpsised ei kogu teavet, mis v\u00f5imaldaks v\u00f5rgulehe kasutajat otseselt tuvastada. K\u00fcll aga v\u00f5ib arvutikasutuse anal\u00fc\u00fctiline j\u00e4lgimine viia kasutaja kaudse tuvastamiseni.<\/li><\/ul>\n\n\n\n<p><strong>K\u00fcpsistest keeldumine<\/strong><\/p>\n\n\n\n<ul class=\"wp-block-list\"><li>Kasutajal on \u00f5igus keelduda k\u00fcpsiste salvestamisest arvutisse. Vastava soovi korral peab Kasutaja muutma oma veebilehitseja seadeid.<\/li><li>Eri t\u00fc\u00fcpi veebilehitsejad kasutavad k\u00fcpsiste keelamiseks erinevaid meetodeid. T\u00e4psem informatsioon on kuvatud veebilehel&nbsp;<a href=\"http:\/\/www.aki.ee\/et\/kupsised\" target=\"_blank\" rel=\"noopener\">aki.ee\/et\/kupsised<\/a>.<\/li><li>K\u00fcpsiste blokeerimisel peab Kasutaja arvestama, et k\u00f5ik veebilehe funktsioonid ei pruugi p\u00e4rast k\u00fcpsiste blokeerimist enam Kasutajale k\u00e4ttesaadavad olla.<\/li><\/ul>\n\n\n\n<p><strong>K\u00fcpsiste haldamise kohta oma veebilehitsejas saate t\u00e4psemat informatsiooni:<\/strong><\/p>\n\n\n\n<ul class=\"wp-block-list\"><li>Internet Explorer:\u00a0<a href=\"http:\/\/support.microsoft.com\/kb\/278835\" target=\"_blank\" rel=\"noreferrer noopener\">http:\/\/support.microsoft.com\/kb\/278835<\/a><\/li><li>Chrome:\u00a0<a href=\"https:\/\/support.google.com\/chrome\/answer\/95647?hl=en\" target=\"_blank\" rel=\"noreferrer noopener\">https:\/\/support.google.com\/chrome\/answer\/95647?hl=en<\/a><\/li><li>Firefox:\u00a0<a href=\"http:\/\/support.mozilla.org\/en-US\/kb\/Clear%2520Recent%2520History\" target=\"_blank\" rel=\"noreferrer noopener\">http:\/\/support.mozilla.org\/en-US\/kb\/Clear%20Recent%20History<\/a><\/li><li>Opera:\u00a0<a href=\"https:\/\/www.opera.com\/help\/tutorials\/security\/privacy\/\" target=\"_blank\" rel=\"noreferrer noopener\">https:\/\/www.opera.com\/help\/tutorials\/security\/privacy\/<\/a><\/li><li>Safari:\u00a0<a href=\"http:\/\/support.apple.com\/kb\/PH5042\" target=\"_blank\" rel=\"noreferrer noopener\">http:\/\/support.apple.com\/kb\/PH5042<\/a><\/li><\/ul>","protected":false},"excerpt":{"rendered":"<p>Passiongames.eu kasutab k\u00fcpsiseid (cookies).&nbsp;K\u00fcpsised on v\u00e4ikesed tekstifailid, mis paigaldatakse kasutaja arvutisse veebilehelt, mida kasutaja k\u00fclastab, kui kasutaja ei ole k\u00f5igi v\u00f5i osade k\u00fcpsiste paigaldamist oma veebilehitseja s\u00e4tetes keelanud. K\u00fcpsised v\u00f5imaldavad \u00e4ra tunda kasutaja seadme veebilehtede k\u00fclastamisel. K\u00fcpsised v\u00f5imaldavad j\u00e4lgida veebilehe kasutusstatistikat, rubriikide populaarsust ning muid veebilehel tehtavatest toiminguid. K\u00fcpsisest saadavat teavet kasutatakse veebilehe kasutusmugavuse ja [&hellip;]<\/p>","protected":false},"author":1,"featured_media":0,"parent":0,"menu_order":0,"comment_status":"closed","ping_status":"closed","template":"","meta":{"inline_featured_image":false,"_monsterinsights_skip_tracking":false,"_monsterinsights_sitenote_active":false,"_monsterinsights_sitenote_note":"","_monsterinsights_sitenote_category":0,"_uf_show_specific_survey":0,"_uf_disable_surveys":false,"site-sidebar-layout":"default","site-content-layout":"default","ast-site-content-layout":"default","site-content-style":"default","site-sidebar-style":"default","ast-global-header-display":"","ast-banner-title-visibility":"","ast-main-header-display":"","ast-hfb-above-header-display":"","ast-hfb-below-header-display":"","ast-hfb-mobile-header-display":"","site-post-title":"","ast-breadcrumbs-content":"","ast-featured-img":"","footer-sml-layout":"","theme-transparent-header-meta":"default","adv-header-id-meta":"","stick-header-meta":"default","header-above-stick-meta":"","header-main-stick-meta":"","header-below-stick-meta":"","astra-migrate-meta-layouts":"default","ast-page-background-enabled":"default","ast-page-background-meta":{"desktop":{"background-color":"","background-image":"","background-repeat":"repeat","background-position":"center center","background-size":"auto","background-attachment":"scroll","background-type":"","background-media":"","overlay-type":"","overlay-color":"","overlay-opacity":"","overlay-gradient":""},"tablet":{"background-color":"","background-image":"","background-repeat":"repeat","background-position":"center center","background-size":"auto","background-attachment":"scroll","background-type":"","background-media":"","overlay-type":"","overlay-color":"","overlay-opacity":"","overlay-gradient":""},"mobile":{"background-color":"","background-image":"","background-repeat":"repeat","background-position":"center center","background-size":"auto","background-attachment":"scroll","background-type":"","background-media":"","overlay-type":"","overlay-color":"","overlay-opacity":"","overlay-gradient":""}},"ast-content-background-meta":{"desktop":{"background-color":"var(--ast-global-color-5)","background-image":"","background-repeat":"repeat","background-position":"center center","background-size":"auto","background-attachment":"scroll","background-type":"","background-media":"","overlay-type":"","overlay-color":"","overlay-opacity":"","overlay-gradient":""},"tablet":{"background-color":"var(--ast-global-color-5)","background-image":"","background-repeat":"repeat","background-position":"center center","background-size":"auto","background-attachment":"scroll","background-type":"","background-media":"","overlay-type":"","overlay-color":"","overlay-opacity":"","overlay-gradient":""},"mobile":{"background-color":"var(--ast-global-color-5)","background-image":"","background-repeat":"repeat","background-position":"center center","background-size":"auto","background-attachment":"scroll","background-type":"","background-media":"","overlay-type":"","overlay-color":"","overlay-opacity":"","overlay-gradient":""}},"footnotes":""},"class_list":["post-2758","page","type-page","status-publish","hentry"],"aioseo_notices":[],"_links":{"self":[{"href":"https:\/\/passiongames.eu\/en\/wp-json\/wp\/v2\/pages\/2758","targetHints":{"allow":["GET"]}}],"collection":[{"href":"https:\/\/passiongames.eu\/en\/wp-json\/wp\/v2\/pages"}],"about":[{"href":"https:\/\/passiongames.eu\/en\/wp-json\/wp\/v2\/types\/page"}],"author":[{"embeddable":true,"href":"https:\/\/passiongames.eu\/en\/wp-json\/wp\/v2\/users\/1"}],"replies":[{"embeddable":true,"href":"https:\/\/passiongames.eu\/en\/wp-json\/wp\/v2\/comments?post=2758"}],"version-history":[{"count":0,"href":"https:\/\/passiongames.eu\/en\/wp-json\/wp\/v2\/pages\/2758\/revisions"}],"wp:attachment":[{"href":"https:\/\/passiongames.eu\/en\/wp-json\/wp\/v2\/media?parent=2758"}],"curies":[{"name":"wp","href":"https:\/\/api.w.org\/{rel}","templated":true}]}}